{"id":13,"date":"2024-03-26T18:47:58","date_gmt":"2024-03-26T17:47:58","guid":{"rendered":"https:\/\/profilzieherei.1aus12.de\/?page_id=13"},"modified":"2024-03-26T19:26:30","modified_gmt":"2024-03-26T18:26:30","slug":"kontakt","status":"publish","type":"page","link":"https:\/\/profilzieherei.de\/index.php\/kontakt\/","title":{"rendered":"Kontakt"},"content":{"rendered":"\n<p>Um mit uns Kontakt aufzunehmen, gibt es nat\u00fcrlich mehrere M\u00f6glichkeiten. Sie k\u00f6nnen uns schriftlich, telefonisch und selbstverst\u00e4ndlich auch elektronisch erreichen.<\/p>\n\n\n\n<p>Postanschrift:<br>Profilzieherei Kr\u00fcger<br>Zuger Strasse 42<br>09599 Freiberg<\/p>\n\n\n\n<p>Telefonnummer: +49 (0) 3731 \/ 22786<br>Faxnummer: +49 (0) 3731 \/ 691213<br>E-Mail-Adresse: profilzieherei@freenet.de<\/p>\n","protected":false},"excerpt":{"rendered":"<p>Um mit uns Kontakt aufzunehmen, gibt es nat\u00fcrlich mehrere M\u00f6glichkeiten. Sie k\u00f6nnen uns schriftlich, telefonisch und selbstverst\u00e4ndlich auch elektronisch erreichen. Postanschrift:Profilzieherei Kr\u00fcgerZuger Strasse 4209599 Freiberg Telefonnummer: +49 (0) 3731 \/ 22786Faxnummer: +49 (0) 3731 \/ 691213E-Mail-Adresse: profilzieherei@freenet.de<\/p>\n","protected":false},"author":1,"featured_media":0,"parent":0,"menu_order":0,"comment_status":"closed","ping_status":"closed","template":"","meta":{"footnotes":""},"class_list":["post-13","page","type-page","status-publish","hentry"],"_links":{"self":[{"href":"https:\/\/profilzieherei.de\/index.php\/wp-json\/wp\/v2\/pages\/13","targetHints":{"allow":["GET"]}}],"collection":[{"href":"https:\/\/profilzieherei.de\/index.php\/wp-json\/wp\/v2\/pages"}],"about":[{"href":"https:\/\/profilzieherei.de\/index.php\/wp-json\/wp\/v2\/types\/page"}],"author":[{"embeddable":true,"href":"https:\/\/profilzieherei.de\/index.php\/wp-json\/wp\/v2\/users\/1"}],"replies":[{"embeddable":true,"href":"https:\/\/profilzieherei.de\/index.php\/wp-json\/wp\/v2\/comments?post=13"}],"version-history":[{"count":2,"href":"https:\/\/profilzieherei.de\/index.php\/wp-json\/wp\/v2\/pages\/13\/revisions"}],"predecessor-version":[{"id":73,"href":"https:\/\/profilzieherei.de\/index.php\/wp-json\/wp\/v2\/pages\/13\/revisions\/73"}],"wp:attachment":[{"href":"https:\/\/profilzieherei.de\/index.php\/wp-json\/wp\/v2\/media?parent=13"}],"curies":[{"name":"wp","href":"https:\/\/api.w.org\/{rel}","templated":true}]}}